{"id":21,"date":"2025-04-01T18:29:00","date_gmt":"2025-04-01T18:29:00","guid":{"rendered":"https:\/\/piantaksi.joennet.org\/home\/"},"modified":"2025-10-28T06:23:35","modified_gmt":"2025-10-28T06:23:35","slug":"home","status":"publish","type":"page","link":"https:\/\/piantaksi.fi\/","title":{"rendered":"PianTaksi"},"content":{"rendered":"\n<div class=\"wp-block-group alignfull has-background-background-color has-background has-global-padding is-layout-constrained wp-container-core-group-is-layout-ad5a3923 wp-block-group-is-layout-constrained\" style=\"margin-top:0;margin-bottom:0;padding-top:var(--wp--preset--spacing--40);padding-right:var(--wp--preset--spacing--30);padding-bottom:var(--wp--preset--spacing--60);padding-left:var(--wp--preset--spacing--30)\">\n<div class=\"wp-block-columns alignwide are-vertically-aligned-center is-layout-flex wp-container-core-columns-is-layout-7fc3d43a wp-block-columns-is-layout-flex\">\n<div class=\"wp-block-column is-vertically-aligned-center is-layout-flow wp-block-column-is-layout-flow\" style=\"flex-basis:66.66%\">\n<div class=\"wp-block-cover is-light has-custom-content-position is-position-top-center\" style=\"padding-top:var(--wp--preset--spacing--60);padding-bottom:var(--wp--preset--spacing--60);min-height:100%;aspect-ratio:unset;\"><img loading=\"lazy\" decoding=\"async\" width=\"643\" height=\"820\" class=\"wp-block-cover__image-background wp-image-27\" alt=\"\" src=\"https:\/\/piantaksi.fi\/wp-content\/uploads\/2025\/04\/pyynikki_sun.jpg\" style=\"object-position:53% 94%\" data-object-fit=\"cover\" data-object-position=\"53% 94%\" srcset=\"https:\/\/piantaksi.fi\/wp-content\/uploads\/2025\/04\/pyynikki_sun.jpg 643w, https:\/\/piantaksi.fi\/wp-content\/uploads\/2025\/04\/pyynikki_sun-235x300.jpg 235w\" sizes=\"auto, (max-width: 643px) 100vw, 643px\" \/><span aria-hidden=\"true\" class=\"wp-block-cover__background has-background-dim-0 has-background-dim\" style=\"background-color:#c0bebb\"><\/span><div class=\"wp-block-cover__inner-container has-global-padding is-layout-constrained wp-block-cover-is-layout-constrained\">\n<div style=\"height:300px\" aria-hidden=\"true\" class=\"wp-block-spacer\"><\/div>\n<\/div><\/div>\n\n\n\n<div class=\"wp-block-columns is-layout-flex wp-container-core-columns-is-layout-28f84493 wp-block-columns-is-layout-flex\">\n<div class=\"wp-block-column is-layout-flow wp-block-column-is-layout-flow\" style=\"flex-basis:100%\">\n<div class=\"wp-block-columns is-layout-flex wp-container-core-columns-is-layout-28f84493 wp-block-columns-is-layout-flex\">\n<div class=\"wp-block-column is-layout-flow wp-block-column-is-layout-flow\" style=\"flex-basis:100%\">\n<figure class=\"wp-block-table aligncenter has-medium-font-size\"><table style=\"border-style:none;border-width:0px\"><tbody><tr><td class=\"has-text-align-left\" data-align=\"left\"><div><a href=\"tel:+358504319556\" target=\"_blank\" rel=\"noreferrer noopener\"><img loading=\"lazy\" decoding=\"async\" width=\"256\" height=\"256\" class=\"wp-image-78\" style=\"vertical-align:middle; width: 50px;\" src=\"https:\/\/piantaksi.fi\/wp-content\/uploads\/2025\/06\/puhelin.png\" alt=\"\" srcset=\"https:\/\/piantaksi.fi\/wp-content\/uploads\/2025\/06\/puhelin.png 256w, https:\/\/piantaksi.fi\/wp-content\/uploads\/2025\/06\/puhelin-150x150.png 150w\" sizes=\"auto, (max-width: 256px) 100vw, 256px\" \/><span style=\"\">puhelin<\/span><\/a><span style=\"font-family: inherit; font-size: inherit; font-weight: inherit; background-color: rgb(248, 250, 249);\"><\/span><\/div><\/td><td class=\"has-text-align-center\" data-align=\"center\">+358 50 4319556<\/td><td class=\"has-text-align-right\" data-align=\"right\"><div><a href=\"https:\/\/wa.me\/+358504319556\" target=\"_blank\" rel=\"noopener\" title=\"\"><img loading=\"lazy\" decoding=\"async\" width=\"768\" height=\"770\" class=\"wp-image-36\" style=\"vertical-align:middle; width: 50px;\" src=\"https:\/\/piantaksi.fi\/wp-content\/uploads\/2025\/04\/WhatsApp.svg_.png\" alt=\"\" srcset=\"https:\/\/piantaksi.fi\/wp-content\/uploads\/2025\/04\/WhatsApp.svg_.png 768w, https:\/\/piantaksi.fi\/wp-content\/uploads\/2025\/04\/WhatsApp.svg_-300x300.png 300w, https:\/\/piantaksi.fi\/wp-content\/uploads\/2025\/04\/WhatsApp.svg_-150x150.png 150w\" sizes=\"auto, (max-width: 768px) 100vw, 768px\" \/><span style=\"\">WhatsApp<\/span><\/a><span style=\"font-family: inherit; font-size: inherit; font-weight: inherit; background-color: rgb(248, 250, 249);\"><\/span><\/div><\/td><\/tr><\/tbody><\/table><\/figure>\n<\/div>\n<\/div>\n<\/div>\n<\/div>\n<\/div>\n\n\n\n<div class=\"wp-block-column is-vertically-aligned-center has-background-background-color has-background is-layout-flow wp-block-column-is-layout-flow\" style=\"flex-basis:33.33%\">\n<h1 class=\"wp-block-heading alignwide has-x-large-font-size\">R\u00e4\u00e4t\u00e4l\u00f6idyt kuljetukset kiinteill\u00e4 hinnoilla<\/h1>\n\n\n\n<p style=\"margin-top:16px\">Me tarjoamme turvalliset ja luotettavat kuljetusratkaisut, jotka on r\u00e4\u00e4t\u00e4l\u00f6ity paikallisiin tarpeisiin. Valitse PianTaksi kun haluat laadukkaan ja ammattitaidolla ajetun kyydin ekologisella, puhtaalla ja erinomaisella autolla.<\/p>\n\n\n\n<div class=\"wp-block-buttons is-content-justification-left is-layout-flex wp-container-core-buttons-is-layout-3535db69 wp-block-buttons-is-layout-flex\" style=\"margin-top:var(--wp--preset--spacing--30)\">\n<div class=\"wp-block-button\"><a class=\"wp-block-button__link wp-element-button\" href=\"\/#tarina\">Lue lis\u00e4\u00e4<\/a><\/div>\n<\/div>\n<\/div>\n<\/div>\n<\/div>\n\n\n\n<div class=\"wp-block-group alignfull has-tertiary-background-color has-background has-global-padding is-layout-constrained wp-container-core-group-is-layout-7276a2bb wp-block-group-is-layout-constrained\" id=\"lyhyesti\" style=\"margin-top:0;margin-bottom:0;padding-top:var(--wp--preset--spacing--60);padding-right:var(--wp--preset--spacing--30);padding-bottom:var(--wp--preset--spacing--60);padding-left:var(--wp--preset--spacing--30)\">\n<div class=\"wp-block-columns alignwide are-vertically-aligned-center is-layout-flex wp-container-core-columns-is-layout-47c06fe3 wp-block-columns-is-layout-flex\">\n<div class=\"wp-block-column is-vertically-aligned-center is-layout-flow wp-block-column-is-layout-flow\" style=\"flex-basis:60%\">\n<h2 class=\"wp-block-heading has-large-font-size\">Luotettavia kuljetuksia paikallisella asiantuntemuksella<\/h2>\n\n\n\n<p style=\"margin-top:16px\">PianTaksi on sitoutunut turvallisiin, joustaviin ja laadukkaisiin kuljetuspalveluihin, joiden tavoitteena on parantaa asiakkaidemme arkea ja tarjota erinomaisia ratkaisuja henkil\u00f6- ja pientavarakuljetuksissa.<\/p>\n\n\n\n<h6 class=\"wp-block-heading\">Lapsi-ja teinikuljetukset<\/h6>\n\n\n\n<p class=\"has-text-align-left\"><em>Olen ty\u00f6skennellyt pitk\u00e4\u00e4n lasten kanssa. Tarjoan luotettavaa ja turvallista kuljetusta lapsille ja nuorille ilman vanhempaa saattajaa. Matka p\u00e4\u00e4tet\u00e4\u00e4n turvallisesti ovelle asti ja tarvittaessa ilmoitetaan teksiviestill\u00e4 lapsen saapumisesta m\u00e4\u00e4r\u00e4np\u00e4\u00e4h\u00e4n. Olen opiskellut kasvatustieteit\u00e4 ja erityispedagogiikkaa, osaan toimia my\u00f6s erityistarpeita vaativien ihmisten kanssa.<\/em><\/p>\n<\/div>\n\n\n\n<div class=\"wp-block-column is-vertically-aligned-center is-layout-flow wp-container-core-column-is-layout-f5bb311e wp-block-column-is-layout-flow\" style=\"flex-basis:50%\">\n<figure class=\"wp-block-image size-large\"><img loading=\"lazy\" decoding=\"async\" width=\"708\" height=\"1024\" src=\"https:\/\/piantaksi.fi\/wp-content\/uploads\/2025\/04\/taxi_neula-708x1024.jpg\" alt=\"\" class=\"wp-image-30\" style=\"aspect-ratio:4\/3;object-fit:cover\" srcset=\"https:\/\/piantaksi.fi\/wp-content\/uploads\/2025\/04\/taxi_neula-708x1024.jpg 708w, https:\/\/piantaksi.fi\/wp-content\/uploads\/2025\/04\/taxi_neula-208x300.jpg 208w, https:\/\/piantaksi.fi\/wp-content\/uploads\/2025\/04\/taxi_neula-768x1110.jpg 768w, https:\/\/piantaksi.fi\/wp-content\/uploads\/2025\/04\/taxi_neula-1062x1536.jpg 1062w, https:\/\/piantaksi.fi\/wp-content\/uploads\/2025\/04\/taxi_neula.jpg 1326w\" sizes=\"auto, (max-width: 708px) 100vw, 708px\" \/><\/figure>\n<\/div>\n<\/div>\n<\/div>\n\n\n\n<div class=\"wp-block-group alignfull has-background-background-color has-background has-global-padding is-layout-constrained wp-container-core-group-is-layout-7276a2bb wp-block-group-is-layout-constrained\" id=\"palvelut\" style=\"margin-top:0;margin-bottom:0;padding-top:var(--wp--preset--spacing--60);padding-right:var(--wp--preset--spacing--30);padding-bottom:var(--wp--preset--spacing--60);padding-left:var(--wp--preset--spacing--30)\">\n<div class=\"wp-block-group alignwide has-global-padding is-content-justification-center is-layout-constrained wp-block-group-is-layout-constrained\">\n<h2 class=\"wp-block-heading has-text-align-center has-large-font-size\">Luotettava ja turvallinen taksipalvelu kaikkiin tilanteisiin<\/h2>\n\n\n\n<p class=\"has-text-align-center\" style=\"margin-top:16px\">Tutustu monipuolisiin palveluihimme, joissa laatu ja asiakastyytyv\u00e4isyys ovat etusijalla.<\/p>\n<\/div>\n\n\n\n<div class=\"wp-block-columns alignwide is-layout-flex wp-container-core-columns-is-layout-d0846407 wp-block-columns-is-layout-flex\">\n<div class=\"wp-block-column is-layout-flow wp-block-column-is-layout-flow\">\n<figure class=\"wp-block-image size-large ext-aspect-landscape\"><img loading=\"lazy\" decoding=\"async\" width=\"768\" height=\"1024\" src=\"https:\/\/piantaksi.fi\/wp-content\/uploads\/2025\/06\/kelakuljetus-768x1024.jpg\" alt=\"\" class=\"wp-image-86\" style=\"aspect-ratio:4\/3;object-fit:cover\" srcset=\"https:\/\/piantaksi.fi\/wp-content\/uploads\/2025\/06\/kelakuljetus-768x1024.jpg 768w, https:\/\/piantaksi.fi\/wp-content\/uploads\/2025\/06\/kelakuljetus-225x300.jpg 225w, https:\/\/piantaksi.fi\/wp-content\/uploads\/2025\/06\/kelakuljetus-1152x1536.jpg 1152w, https:\/\/piantaksi.fi\/wp-content\/uploads\/2025\/06\/kelakuljetus.jpg 1200w\" sizes=\"auto, (max-width: 768px) 100vw, 768px\" \/><\/figure>\n\n\n\n<h3 class=\"wp-block-heading has-text-align-center\" style=\"margin-top:24px;font-size:clamp(14px, 0.875rem + ((1vw - 3.2px) * 0.625), 20px);line-height:1.5\">Kela-kuljetukset<\/h3>\n\n\n\n<p class=\"has-text-align-center has-small-font-size\" style=\"margin-top:8px\">Kuljetan Kela-kyydit huolellisesti ja turvallisesti huomioiden eri ihmisten mahdolliset tarpeet ja toiveet kyydityksen suhteen. Taksiin on helppo istuutua ja nousta pois, koska istuinkorkeus on miellytt\u00e4v\u00e4.<br>Kela-autonumeroni&nbsp;K1951.<\/p>\n<\/div>\n\n\n\n<div class=\"wp-block-column is-layout-flow wp-block-column-is-layout-flow\">\n<figure class=\"wp-block-image size-large ext-aspect-landscape\"><img loading=\"lazy\" decoding=\"async\" width=\"1024\" height=\"768\" src=\"https:\/\/piantaksi.fi\/wp-content\/uploads\/2025\/06\/lapsikuljetus-1024x768.jpg\" alt=\"\" class=\"wp-image-87\" style=\"aspect-ratio:4\/3;object-fit:cover\" srcset=\"https:\/\/piantaksi.fi\/wp-content\/uploads\/2025\/06\/lapsikuljetus-1024x768.jpg 1024w, https:\/\/piantaksi.fi\/wp-content\/uploads\/2025\/06\/lapsikuljetus-300x225.jpg 300w, https:\/\/piantaksi.fi\/wp-content\/uploads\/2025\/06\/lapsikuljetus-768x576.jpg 768w, https:\/\/piantaksi.fi\/wp-content\/uploads\/2025\/06\/lapsikuljetus-1536x1152.jpg 1536w, https:\/\/piantaksi.fi\/wp-content\/uploads\/2025\/06\/lapsikuljetus.jpg 2000w\" sizes=\"auto, (max-width: 1024px) 100vw, 1024px\" \/><\/figure>\n\n\n\n<h3 class=\"wp-block-heading has-text-align-center\" style=\"margin-top:24px;font-size:clamp(14px, 0.875rem + ((1vw - 3.2px) * 0.625), 20px);line-height:1.5\">Sopimuskuljetukset<\/h3>\n\n\n\n<p class=\"has-text-align-center has-small-font-size\" style=\"margin-top:8px\">Turvalliset ja luotettavat kuljetukset perheen nuoremmille j\u00e4senille.<br>Tarjoan my\u00f6s r\u00e4\u00e4t\u00e4l\u00f6idyt hinnat sopimuskuljetuksiin ilman ennakkomaksua. Senioreille ja oman kyl\u00e4n asukkaille alennetut&nbsp;hinnat.<br>Kysy rohkeasti tarjous my\u00f6s pidemmist\u00e4 matkoista kuten lentokentt\u00e4kuljetuksista.<\/p>\n<\/div>\n\n\n\n<div class=\"wp-block-column is-layout-flow wp-block-column-is-layout-flow\">\n<figure class=\"wp-block-image size-large ext-aspect-landscape\"><img loading=\"lazy\" decoding=\"async\" width=\"721\" height=\"1024\" src=\"https:\/\/piantaksi.fi\/wp-content\/uploads\/2025\/08\/pakettikuljetus-721x1024.jpg\" alt=\"\" class=\"wp-image-119\" style=\"aspect-ratio:4\/3;object-fit:cover\" srcset=\"https:\/\/piantaksi.fi\/wp-content\/uploads\/2025\/08\/pakettikuljetus-721x1024.jpg 721w, https:\/\/piantaksi.fi\/wp-content\/uploads\/2025\/08\/pakettikuljetus-211x300.jpg 211w, https:\/\/piantaksi.fi\/wp-content\/uploads\/2025\/08\/pakettikuljetus-768x1091.jpg 768w, https:\/\/piantaksi.fi\/wp-content\/uploads\/2025\/08\/pakettikuljetus-1082x1536.jpg 1082w, https:\/\/piantaksi.fi\/wp-content\/uploads\/2025\/08\/pakettikuljetus.jpg 1285w\" sizes=\"auto, (max-width: 721px) 100vw, 721px\" \/><\/figure>\n\n\n\n<h3 class=\"wp-block-heading has-text-align-center\" style=\"margin-top:24px;font-size:clamp(14px, 0.875rem + ((1vw - 3.2px) * 0.625), 20px);line-height:1.5\">Pakettikuljetukset<\/h3>\n\n\n\n<p class=\"has-text-align-center has-small-font-size\" style=\"margin-top:8px\">Kuljetan tavarat ja paketit turvallisesti ja t\u00e4sm\u00e4llisesti perille. Maksimi yksitt\u00e4inen kollipaino 30kg.<br><br>Kysy&nbsp;tarjous!<\/p>\n<\/div>\n<\/div>\n<\/div>\n\n\n\n<div class=\"wp-block-group alignfull has-tertiary-background-color has-background has-global-padding is-layout-constrained wp-container-core-group-is-layout-7276a2bb wp-block-group-is-layout-constrained\" id=\"tarina\" style=\"margin-top:0;margin-bottom:0;padding-top:var(--wp--preset--spacing--60);padding-right:var(--wp--preset--spacing--30);padding-bottom:var(--wp--preset--spacing--60);padding-left:var(--wp--preset--spacing--30)\">\n<h2 class=\"wp-block-heading\">Yrityksen tarina<\/h2>\n\n\n\n<p>Olen ty\u00f6skennellyt yli 20 vuotta varhaiskasvatuksen opettajana. Ty\u00f6ss\u00e4ni olen saanut kohdata erilaisia ihmisi\u00e4 ja saanut kokemusta asiakaspalveluty\u00f6st\u00e4 opetus- ja kasvatusty\u00f6n lis\u00e4ksi.<\/p>\n\n\n\n<p>Suvussani on paljon yritt\u00e4ji\u00e4 ja jo lapsuudessa yritt\u00e4jyys oli osa perheen arkea. Kaipasin vaihtelua ty\u00f6uralleni ja mahdollisuus aloittaa yritystoiminta henkil\u00f6- ja tavarankuljetusliikenteen parissa avautui sopivasti.<\/p>\n\n\n\n<p>Koska kotonani oli jo ennest\u00e4\u00e4n runsaasti aurinkopaneeleita, oli luontevaa hankkia yritykseeni p\u00e4\u00e4st\u00f6t\u00f6n t\u00e4yss\u00e4hk\u00f6auto. Iso osa auton latauss\u00e4hk\u00f6st\u00e4 saadaan aurinkoisina p\u00e4ivin\u00e4 taivaalta.<\/p>\n\n\n\n<p>Toivotan nykyiset ja uudet asiakkaat tervetulleiksi k\u00e4ytt\u00e4m\u00e4\u00e4n yritykseni ekologisia kuljetuspalveluita.<\/p>\n<\/div>\n\n\n\n<div class=\"wp-block-columns is-layout-flex wp-container-core-columns-is-layout-28f84493 wp-block-columns-is-layout-flex\">\n<div class=\"wp-block-column is-layout-flow wp-block-column-is-layout-flow\">\n<h3 class=\"wp-block-heading\">PianTaksi on ekologinen valinta<\/h3>\n\n\n\n<p>Automme kulkee puhtaasti s\u00e4hk\u00f6ll\u00e4. Puhtauden puolesta puhuu my\u00f6s autotallin katolle asennettu aurinkovoimala.<\/p>\n\n\n\n<p>Sopivan s\u00e4\u00e4n sattuessa p\u00e4\u00e4osa latauss\u00e4hk\u00f6st\u00e4 hy\u00f6dynnet\u00e4\u00e4nkin omista aurinkopaneeleista.<\/p>\n\n\n\n<p>PianTaksin kyydiss\u00e4 hiilijalanj\u00e4lkesi pysyy siis todella pienen\u00e4.<\/p>\n<\/div>\n\n\n\n<div class=\"wp-block-column is-layout-flow wp-block-column-is-layout-flow\">\n<figure class=\"wp-block-image size-large\"><img loading=\"lazy\" decoding=\"async\" width=\"675\" height=\"1024\" src=\"https:\/\/piantaksi.fi\/wp-content\/uploads\/2025\/08\/aurinkovoima-675x1024.jpg\" alt=\"\" class=\"wp-image-92\" srcset=\"https:\/\/piantaksi.fi\/wp-content\/uploads\/2025\/08\/aurinkovoima-675x1024.jpg 675w, https:\/\/piantaksi.fi\/wp-content\/uploads\/2025\/08\/aurinkovoima-198x300.jpg 198w, https:\/\/piantaksi.fi\/wp-content\/uploads\/2025\/08\/aurinkovoima-768x1165.jpg 768w, https:\/\/piantaksi.fi\/wp-content\/uploads\/2025\/08\/aurinkovoima-1012x1536.jpg 1012w, https:\/\/piantaksi.fi\/wp-content\/uploads\/2025\/08\/aurinkovoima.jpg 1318w\" sizes=\"auto, (max-width: 675px) 100vw, 675px\" \/><\/figure>\n<\/div>\n<\/div>\n\n\n\n<p><\/p>\n\n\n\n<div class=\"wp-block-group alignfull has-tertiary-background-color has-background has-global-padding is-layout-constrained wp-container-core-group-is-layout-7276a2bb wp-block-group-is-layout-constrained\" id=\"yhteys\" style=\"margin-top:0;margin-bottom:0;padding-top:var(--wp--preset--spacing--60);padding-right:var(--wp--preset--spacing--30);padding-bottom:var(--wp--preset--spacing--60);padding-left:var(--wp--preset--spacing--30)\">\n<div class=\"wp-block-columns alignwide are-vertically-aligned-top is-layout-flex wp-container-core-columns-is-layout-47c06fe3 wp-block-columns-is-layout-flex\">\n<div class=\"wp-block-column is-vertically-aligned-top is-layout-flow wp-block-column-is-layout-flow\" style=\"flex-basis:55%\">\n<h2 class=\"wp-block-heading has-large-font-size\">Turvalliset kuljetukset jokaiseen tarpeeseen<\/h2>\n\n\n\n<p style=\"margin-top:16px\">Saat helposti tarjouksen palveluistamme puhelimitse tai s\u00e4hk\u00f6postilla \u2013 selke\u00e4\u00e4 ja vaivatonta.<\/p>\n\n\n\n<div class=\"wp-block-group has-background-background-color has-background has-global-padding is-layout-constrained wp-container-core-group-is-layout-a666d811 wp-block-group-is-layout-constrained\" style=\"padding-top:var(--wp--preset--spacing--40);padding-right:var(--wp--preset--spacing--40);padding-bottom:var(--wp--preset--spacing--40);padding-left:var(--wp--preset--spacing--40)\">\n<p class=\"has-text-align-center\"><strong>Yl\u00f6j\u00e4rven Siivikkala<\/strong><\/p>\n\n\n\n<p class=\"has-text-align-center\" style=\"margin-top:8px\">+358 50 431 9556<br><a href=\"mailto:taksipalvelupian@gmail.com\" target=\"_blank\" rel=\"noopener\" title=\"\">taksipalvelupian@gmail.com<\/a><\/p>\n<\/div>\n<\/div>\n\n\n\n<div class=\"wp-block-column is-vertically-aligned-top is-layout-flow wp-block-column-is-layout-flow\">\n<figure class=\"wp-block-image size-large\"><img loading=\"lazy\" decoding=\"async\" width=\"1024\" height=\"768\" src=\"https:\/\/piantaksi.fi\/wp-content\/uploads\/2025\/06\/lapinniemi-1024x768.jpg\" alt=\"\" class=\"wp-image-52\" style=\"aspect-ratio:4\/3;object-fit:cover\" srcset=\"https:\/\/piantaksi.fi\/wp-content\/uploads\/2025\/06\/lapinniemi-1024x768.jpg 1024w, https:\/\/piantaksi.fi\/wp-content\/uploads\/2025\/06\/lapinniemi-300x225.jpg 300w, https:\/\/piantaksi.fi\/wp-content\/uploads\/2025\/06\/lapinniemi-768x576.jpg 768w, https:\/\/piantaksi.fi\/wp-content\/uploads\/2025\/06\/lapinniemi-1536x1152.jpg 1536w, https:\/\/piantaksi.fi\/wp-content\/uploads\/2025\/06\/lapinniemi.jpg 2000w\" sizes=\"auto, (max-width: 1024px) 100vw, 1024px\" \/><\/figure>\n<\/div>\n<\/div>\n<\/div>\n\n\n\n<p><\/p>\n","protected":false},"excerpt":{"rendered":"<p>puhelin +358 50 4319556 WhatsApp R\u00e4\u00e4t\u00e4l\u00f6idyt kuljetukset kiinteill\u00e4 hinnoilla Me tarjoamme turvalliset ja luotettavat kuljetusratkaisut, jotka on r\u00e4\u00e4t\u00e4l\u00f6ity paikallisiin tarpeisiin. Valitse PianTaksi kun haluat laadukkaan ja ammattitaidolla ajetun kyydin ekologisella, puhtaalla ja erinomaisella autolla. Luotettavia kuljetuksia paikallisella asiantuntemuksella PianTaksi on sitoutunut turvallisiin, joustaviin ja laadukkaisiin kuljetuspalveluihin, joiden tavoitteena on parantaa asiakkaidemme arkea ja tarjota erinomaisia [&hellip;]<\/p>\n","protected":false},"author":1,"featured_media":0,"parent":0,"menu_order":0,"comment_status":"closed","ping_status":"closed","template":"no-title-sticky-header","meta":{"footnotes":""},"class_list":["post-21","page","type-page","status-publish","hentry"],"_links":{"self":[{"href":"https:\/\/piantaksi.fi\/index.php\/wp-json\/wp\/v2\/pages\/21","targetHints":{"allow":["GET"]}}],"collection":[{"href":"https:\/\/piantaksi.fi\/index.php\/wp-json\/wp\/v2\/pages"}],"about":[{"href":"https:\/\/piantaksi.fi\/index.php\/wp-json\/wp\/v2\/types\/page"}],"author":[{"embeddable":true,"href":"https:\/\/piantaksi.fi\/index.php\/wp-json\/wp\/v2\/users\/1"}],"replies":[{"embeddable":true,"href":"https:\/\/piantaksi.fi\/index.php\/wp-json\/wp\/v2\/comments?post=21"}],"version-history":[{"count":14,"href":"https:\/\/piantaksi.fi\/index.php\/wp-json\/wp\/v2\/pages\/21\/revisions"}],"predecessor-version":[{"id":131,"href":"https:\/\/piantaksi.fi\/index.php\/wp-json\/wp\/v2\/pages\/21\/revisions\/131"}],"wp:attachment":[{"href":"https:\/\/piantaksi.fi\/index.php\/wp-json\/wp\/v2\/media?parent=21"}],"curies":[{"name":"wp","href":"https:\/\/api.w.org\/{rel}","templated":true}]}}